{"id":7320,"date":"2025-09-08T07:20:55","date_gmt":"2025-09-08T07:20:55","guid":{"rendered":"https:\/\/andreas-bruns.de\/?page_id=7320"},"modified":"2025-09-09T07:18:08","modified_gmt":"2025-09-09T07:18:08","slug":"impressum","status":"publish","type":"page","link":"https:\/\/andreas-bruns.de\/?page_id=7320","title":{"rendered":"Impressum"},"content":{"rendered":"\t\t<div data-elementor-type=\"wp-page\" data-elementor-id=\"7320\" class=\"elementor elementor-7320\" data-elementor-post-type=\"page\">\n\t\t\t\t<div class=\"elementor-element elementor-element-df800b3 e-flex e-con-boxed e-con e-parent\" data-id=\"df800b3\" data-element_type=\"container\">\n\t\t\t\t\t<div class=\"e-con-inner\">\n\t\t\t\t<div class=\"elementor-element elementor-element-ce02c47 elementor-widget elementor-widget-heading\" data-id=\"ce02c47\" data-element_type=\"widget\" data-widget_type=\"heading.default\">\n\t\t\t\t<div class=\"elementor-widget-container\">\n\t\t\t\t\t<h2 class=\"elementor-heading-title elementor-size-default\">Impressum<\/h2>\t\t\t\t<\/div>\n\t\t\t\t<\/div>\n\t\t\t\t\t<\/div>\n\t\t\t\t<\/div>\n\t\t<div class=\"elementor-element elementor-element-4860953 e-flex e-con-boxed e-con e-parent\" data-id=\"4860953\" data-element_type=\"container\">\n\t\t\t\t\t<div class=\"e-con-inner\">\n\t\t\t\t<div class=\"elementor-element elementor-element-a0f3193 elementor-widget elementor-widget-text-editor\" data-id=\"a0f3193\" data-element_type=\"widget\" data-widget_type=\"text-editor.default\">\n\t\t\t\t<div class=\"elementor-widget-container\">\n\t\t\t\t\t\t\t\t\t<p class=\"MsoNormal\" style=\"line-height: normal; background-color: white;\"><span style=\"font-size:18.0pt;font-family:&quot;Segoe UI&quot;,sans-serif;mso-fareast-font-family:\n&quot;Times New Roman&quot;;color:#333333;mso-fareast-language:DE\">Angaben gem\u00e4\u00df \u00a7 5 TMG<o:p><\/o:p><\/span><\/p><p class=\"MsoNormal\" style=\"line-height: normal; background-color: white;\"><span style=\"font-size:11.5pt;font-family:\n&quot;Segoe UI&quot;,sans-serif;mso-fareast-font-family:&quot;Times New Roman&quot;;color:#333333;\nmso-fareast-language:DE\">Andreas Bruns Zerspanungstechnik GmbH<br>\nSattlerstra\u00dfe<br>\n30916 Isernhagen<o:p><\/o:p><\/span><\/p><p class=\"MsoNormal\" style=\"line-height: normal; background-color: white;\"><span style=\"font-size:11.5pt;font-family:\n&quot;Segoe UI&quot;,sans-serif;mso-fareast-font-family:&quot;Times New Roman&quot;;color:#333333;\nmso-fareast-language:DE\">Handelsregister: HRB <\/span><span style=\"font-size:\n14.0pt;font-family:&quot;Arial Narrow&quot;,sans-serif\">120315<\/span><span style=\"font-size:11.5pt;font-family:&quot;Segoe UI&quot;,sans-serif;mso-fareast-font-family:\n&quot;Times New Roman&quot;;color:#333333;mso-fareast-language:DE\"><br>\nRegistergericht: AG Hannover<o:p><\/o:p><\/span><\/p><p class=\"MsoNormal\" style=\"line-height: normal; background-color: white;\"><b><span style=\"font-size:11.5pt;\nfont-family:&quot;Segoe UI&quot;,sans-serif;mso-fareast-font-family:&quot;Times New Roman&quot;;\ncolor:#333333;mso-fareast-language:DE\">Vertreten durch:<\/span><\/b><span style=\"font-size:11.5pt;font-family:&quot;Segoe UI&quot;,sans-serif;mso-fareast-font-family:\n&quot;Times New Roman&quot;;color:#333333;mso-fareast-language:DE\"><br>\nSergej Sch\u00e4fer, Irina Sch\u00e4fer<o:p><\/o:p><\/span><\/p><p class=\"MsoNormal\" style=\"line-height: normal; background-color: white;\"><span style=\"font-size:18.0pt;font-family:&quot;Segoe UI&quot;,sans-serif;mso-fareast-font-family:\n&quot;Times New Roman&quot;;color:#333333;mso-fareast-language:DE\">Kontakt<o:p><\/o:p><\/span><\/p><p class=\"MsoNormal\" style=\"line-height: normal; background-color: white;\"><span style=\"font-size:11.5pt;font-family:\n&quot;Segoe UI&quot;,sans-serif;mso-fareast-font-family:&quot;Times New Roman&quot;;color:#333333;\nmso-fareast-language:DE\">Telefon: +49 (0)5136 97133-0<br>\nE-Mail: info@andreas-bruns.de.de<o:p><\/o:p><\/span><\/p><p class=\"MsoNormal\" style=\"line-height: normal; background-color: white;\"><span style=\"font-size:18.0pt;font-family:&quot;Segoe UI&quot;,sans-serif;mso-fareast-font-family:\n&quot;Times New Roman&quot;;color:#333333;mso-fareast-language:DE\">Umsatzsteuer-ID<o:p><\/o:p><\/span><\/p><p class=\"MsoNormal\" style=\"line-height: normal; background-color: white;\"><span style=\"font-size:11.5pt;font-family:\n&quot;Segoe UI&quot;,sans-serif;mso-fareast-font-family:&quot;Times New Roman&quot;;color:#333333;\nmso-fareast-language:DE\">Umsatzsteuer-Identifikationsnummer gem\u00e4\u00df \u00a7 27 a\nUmsatzsteuergesetz:<br>\n<\/span><span lang=\"FR\" style=\"font-size:14.0pt;font-family:&quot;Arial Narrow&quot;,sans-serif;\nmso-ansi-language:FR\">DE 166 437 088<\/span><span style=\"font-size:11.5pt;\nfont-family:&quot;Segoe UI&quot;,sans-serif;mso-fareast-font-family:&quot;Times New Roman&quot;;\ncolor:#333333;mso-fareast-language:DE\"><o:p><\/o:p><\/span><\/p><p class=\"MsoNormal\" style=\"line-height: normal; background-color: white;\"><span style=\"font-size:18.0pt;font-family:&quot;Segoe UI&quot;,sans-serif;mso-fareast-font-family:\n&quot;Times New Roman&quot;;color:#333333;mso-fareast-language:DE\">Redaktionell\nverantwortlich<o:p><\/o:p><\/span><\/p><p>\n\n\n\n\n\n\n\n\n\n\n\n\n\n\n\n\n\n<\/p><p class=\"MsoNormal\" style=\"line-height: normal; background-color: white;\"><span style=\"font-size:11.5pt;font-family:\n&quot;Segoe UI&quot;,sans-serif;mso-fareast-font-family:&quot;Times New Roman&quot;;color:#333333;\nmso-fareast-language:DE\">Sergej Sch\u00e4fer (Gesch\u00e4ftsf\u00fchrer)<br>\nAndreas Bruns Zerspanungstechnik GmbH<br>\nSattlerstra\u00dfe 19<br>\n30916 Isernhagen\/OT Kirchhorst<o:p><\/o:p><\/span><\/p>\t\t\t\t\t\t\t\t<\/div>\n\t\t\t\t<\/div>\n\t\t\t\t\t<\/div>\n\t\t\t\t<\/div>\n\t\t<div class=\"elementor-element elementor-element-de2f7ac e-flex e-con-boxed e-con e-parent\" data-id=\"de2f7ac\" data-element_type=\"container\">\n\t\t\t\t\t<div class=\"e-con-inner\">\n\t\t\t\t<div class=\"elementor-element elementor-element-395b208 e-transform elementor-widget-divider--view-line elementor-widget elementor-widget-divider\" data-id=\"395b208\" data-element_type=\"widget\" data-settings=\"{&quot;_transform_scale_effect&quot;:{&quot;unit&quot;:&quot;px&quot;,&quot;size&quot;:2,&quot;sizes&quot;:[]},&quot;_transform_scale_effect_tablet&quot;:{&quot;unit&quot;:&quot;px&quot;,&quot;size&quot;:&quot;&quot;,&quot;sizes&quot;:[]},&quot;_transform_scale_effect_mobile&quot;:{&quot;unit&quot;:&quot;px&quot;,&quot;size&quot;:&quot;&quot;,&quot;sizes&quot;:[]}}\" data-widget_type=\"divider.default\">\n\t\t\t\t<div class=\"elementor-widget-container\">\n\t\t\t\t\t\t\t<div class=\"elementor-divider\">\n\t\t\t<span class=\"elementor-divider-separator\">\n\t\t\t\t\t\t<\/span>\n\t\t<\/div>\n\t\t\t\t\t\t<\/div>\n\t\t\t\t<\/div>\n\t\t\t\t\t<\/div>\n\t\t\t\t<\/div>\n\t\t\t\t<\/div>\n\t\t","protected":false},"excerpt":{"rendered":"<p>Impressum Angaben gem\u00e4\u00df \u00a7 5 TMG Andreas Bruns Zerspanungstechnik GmbH Sattlerstra\u00dfe 30916 Isernhagen Handelsregister: HRB 120315 Registergericht: AG Hannover Vertreten durch: Sergej Sch\u00e4fer, Irina Sch\u00e4fer Kontakt Telefon: +49 (0)5136 97133-0 E-Mail: info@andreas-bruns.de.de Umsatzsteuer-ID Umsatzsteuer-Identifikationsnummer gem\u00e4\u00df \u00a7 27 a Umsatzsteuergesetz: DE 166 437 088 Redaktionell verantwortlich Sergej Sch\u00e4fer (Gesch\u00e4ftsf\u00fchrer) Andreas Bruns Zerspanungstechnik GmbH Sattlerstra\u00dfe 19 30916&#8230; <\/p>\n<div class=\"clear\"><\/div>\n<p><a href=\"https:\/\/andreas-bruns.de\/?page_id=7320\" class=\"excerpt-read-more\">Read More<\/a><\/p>\n","protected":false},"author":2,"featured_media":0,"parent":0,"menu_order":0,"comment_status":"closed","ping_status":"closed","template":"","meta":{"footnotes":""},"class_list":["post-7320","page","type-page","status-publish","hentry"],"_links":{"self":[{"href":"https:\/\/andreas-bruns.de\/index.php?rest_route=\/wp\/v2\/pages\/7320","targetHints":{"allow":["GET"]}}],"collection":[{"href":"https:\/\/andreas-bruns.de\/index.php?rest_route=\/wp\/v2\/pages"}],"about":[{"href":"https:\/\/andreas-bruns.de\/index.php?rest_route=\/wp\/v2\/types\/page"}],"author":[{"embeddable":true,"href":"https:\/\/andreas-bruns.de\/index.php?rest_route=\/wp\/v2\/users\/2"}],"replies":[{"embeddable":true,"href":"https:\/\/andreas-bruns.de\/index.php?rest_route=%2Fwp%2Fv2%2Fcomments&post=7320"}],"version-history":[{"count":10,"href":"https:\/\/andreas-bruns.de\/index.php?rest_route=\/wp\/v2\/pages\/7320\/revisions"}],"predecessor-version":[{"id":7348,"href":"https:\/\/andreas-bruns.de\/index.php?rest_route=\/wp\/v2\/pages\/7320\/revisions\/7348"}],"wp:attachment":[{"href":"https:\/\/andreas-bruns.de\/index.php?rest_route=%2Fwp%2Fv2%2Fmedia&parent=7320"}],"curies":[{"name":"wp","href":"https:\/\/api.w.org\/{rel}","templated":true}]}}