{"id":6226,"date":"2025-08-11T11:27:03","date_gmt":"2025-08-11T11:27:03","guid":{"rendered":"https:\/\/beta.andreas-bruns.de\/?page_id=6226"},"modified":"2025-08-27T12:50:15","modified_gmt":"2025-08-27T12:50:15","slug":"ueber-uns","status":"publish","type":"page","link":"https:\/\/andreas-bruns.de\/?page_id=6226","title":{"rendered":"\u00dcber uns"},"content":{"rendered":"\t\t<div data-elementor-type=\"wp-page\" data-elementor-id=\"6226\" class=\"elementor elementor-6226\" data-elementor-post-type=\"page\">\n\t\t\t\t<div class=\"elementor-element elementor-element-cc2a2cc e-flex e-con-boxed e-con e-parent\" data-id=\"cc2a2cc\" data-element_type=\"container\">\n\t\t\t\t\t<div class=\"e-con-inner\">\n\t\t\t\t<div class=\"elementor-element elementor-element-b40edeb elementor-widget elementor-widget-heading\" data-id=\"b40edeb\" data-element_type=\"widget\" data-widget_type=\"heading.default\">\n\t\t\t\t<div class=\"elementor-widget-container\">\n\t\t\t\t\t<h2 class=\"elementor-heading-title elementor-size-default\">Unsere Geschichte<\/h2>\t\t\t\t<\/div>\n\t\t\t\t<\/div>\n\t\t\t\t<div class=\"elementor-element elementor-element-60d1c79 elementor-widget elementor-widget-text-editor\" data-id=\"60d1c79\" data-element_type=\"widget\" data-widget_type=\"text-editor.default\">\n\t\t\t\t<div class=\"elementor-widget-container\">\n\t\t\t\t\t\t\t\t\t<p>Die Andreas Bruns Zerspanungstechnik GmbH wurde 1994 von Andreas Bruns gegr\u00fcndet und hat sich als mittelst\u00e4ndisches Unternehmen mit Sitz in 30916 Isernhagen OT Kirchhorst bei Hannover etabliert.<\/p><p>Kernkompetenz: Bearbeitung komplexer Pr\u00e4zisionsbauteile aus schwer zerspanbaren Materialien (Titan, Inconel, Duplex- und rostfreie St\u00e4hle) mit modernster 5-Achs-Technologie, automatisierter Fertigung und ISO 9001 Qualit\u00e4tsmanagement.<\/p><p>Leistungsumfang: Prototypen, Vorserien und Serienproduktion mit pr\u00e4ziser Oberfl\u00e4chenqualit\u00e4t und hoher Ma\u00dfhaltigkeit; zuverl\u00e4ssige Serienfertigung auch in gro\u00dfen St\u00fcckzahlen.<\/p><p>Branchenfokus: \u00d6l &amp; Gas, Luft- und Raumfahrt, Maschinenbau, Lebensmittel- und Medizintechnik.<\/p><p>Seit 2025 wird das Unternehmen von Sergej Sch\u00e4fer gef\u00fchrt, der Fokus auf digitale Prozesse, erweiterte Automatisierung und nachhaltige Produktion legt; Ziel ist verbesserte Wiederholgenauigkeit, k\u00fcrzere Durchlaufzeiten und erweiterte Lieferf\u00e4higkeit.<\/p>\t\t\t\t\t\t\t\t<\/div>\n\t\t\t\t<\/div>\n\t\t\t\t<div class=\"elementor-element elementor-element-8dd2b53 e-transform elementor-widget-divider--view-line elementor-widget elementor-widget-divider\" data-id=\"8dd2b53\" data-element_type=\"widget\" data-settings=\"{&quot;_transform_scale_effect&quot;:{&quot;unit&quot;:&quot;px&quot;,&quot;size&quot;:2,&quot;sizes&quot;:[]},&quot;_transform_scale_effect_tablet&quot;:{&quot;unit&quot;:&quot;px&quot;,&quot;size&quot;:&quot;&quot;,&quot;sizes&quot;:[]},&quot;_transform_scale_effect_mobile&quot;:{&quot;unit&quot;:&quot;px&quot;,&quot;size&quot;:&quot;&quot;,&quot;sizes&quot;:[]}}\" data-widget_type=\"divider.default\">\n\t\t\t\t<div class=\"elementor-widget-container\">\n\t\t\t\t\t\t\t<div class=\"elementor-divider\">\n\t\t\t<span class=\"elementor-divider-separator\">\n\t\t\t\t\t\t<\/span>\n\t\t<\/div>\n\t\t\t\t\t\t<\/div>\n\t\t\t\t<\/div>\n\t\t\t\t\t<\/div>\n\t\t\t\t<\/div>\n\t\t<div class=\"elementor-element elementor-element-13a801a e-flex e-con-boxed e-con e-parent\" data-id=\"13a801a\" data-element_type=\"container\" data-settings=\"{&quot;background_background&quot;:&quot;classic&quot;}\">\n\t\t\t\t\t<div class=\"e-con-inner\">\n\t\t\t\t<div class=\"elementor-element elementor-element-7005cd0 elementor-widget elementor-widget-image-gallery\" data-id=\"7005cd0\" data-element_type=\"widget\" data-widget_type=\"image-gallery.default\">\n\t\t\t\t<div class=\"elementor-widget-container\">\n\t\t\t\t\t\t\t<div class=\"elementor-image-gallery\">\n\t\t\t<div class=\"totalbusiness-shortcode-wrapper\"><div class=\"totalbusiness-gallery-item totalbusiness-item\" ><div class=\"gallery-column one-fifth column\"><div class=\"gallery-item\"><img decoding=\"async\" src=\"https:\/\/andreas-bruns.de\/wp-content\/uploads\/2025\/08\/036-150x150.png\" alt=\"\" width=\"150\" height=\"150\" \/><\/div><\/div><div class=\"gallery-column one-fifth column\"><div class=\"gallery-item\"><img decoding=\"async\" src=\"https:\/\/andreas-bruns.de\/wp-content\/uploads\/2025\/08\/046-150x150.png\" alt=\"\" width=\"150\" height=\"150\" \/><\/div><\/div><div class=\"gallery-column one-fifth column\"><div class=\"gallery-item\"><img decoding=\"async\" src=\"https:\/\/andreas-bruns.de\/wp-content\/uploads\/2025\/08\/061-150x150.png\" alt=\"\" width=\"150\" height=\"150\" \/><\/div><\/div><div class=\"gallery-column one-fifth column\"><div class=\"gallery-item\"><img loading=\"lazy\" decoding=\"async\" src=\"https:\/\/andreas-bruns.de\/wp-content\/uploads\/2025\/08\/015-150x150.png\" alt=\"\" width=\"150\" height=\"150\" \/><\/div><\/div><div class=\"gallery-column one-fifth column\"><div class=\"gallery-item\"><img loading=\"lazy\" decoding=\"async\" src=\"https:\/\/andreas-bruns.de\/wp-content\/uploads\/2025\/08\/033-150x150.png\" alt=\"\" width=\"150\" height=\"150\" \/><\/div><\/div><div class=\"clear\"><\/div><\/div><\/div>\t\t<\/div>\n\t\t\t\t\t\t<\/div>\n\t\t\t\t<\/div>\n\t\t\t\t\t<\/div>\n\t\t\t\t<\/div>\n\t\t<div class=\"elementor-element elementor-element-bb4d0f6 e-flex e-con-boxed e-con e-parent\" data-id=\"bb4d0f6\" data-element_type=\"container\">\n\t\t\t\t\t<div class=\"e-con-inner\">\n\t\t\t\t<div class=\"elementor-element elementor-element-fb65dd5 e-transform elementor-widget-divider--view-line elementor-widget elementor-widget-divider\" data-id=\"fb65dd5\" data-element_type=\"widget\" data-settings=\"{&quot;_transform_scale_effect&quot;:{&quot;unit&quot;:&quot;px&quot;,&quot;size&quot;:2,&quot;sizes&quot;:[]},&quot;_transform_scale_effect_tablet&quot;:{&quot;unit&quot;:&quot;px&quot;,&quot;size&quot;:&quot;&quot;,&quot;sizes&quot;:[]},&quot;_transform_scale_effect_mobile&quot;:{&quot;unit&quot;:&quot;px&quot;,&quot;size&quot;:&quot;&quot;,&quot;sizes&quot;:[]}}\" data-widget_type=\"divider.default\">\n\t\t\t\t<div class=\"elementor-widget-container\">\n\t\t\t\t\t\t\t<div class=\"elementor-divider\">\n\t\t\t<span class=\"elementor-divider-separator\">\n\t\t\t\t\t\t<\/span>\n\t\t<\/div>\n\t\t\t\t\t\t<\/div>\n\t\t\t\t<\/div>\n\t\t\t\t\t<\/div>\n\t\t\t\t<\/div>\n\t\t<div class=\"elementor-element elementor-element-d0d7b63 e-flex e-con-boxed e-con e-parent\" data-id=\"d0d7b63\" data-element_type=\"container\" data-settings=\"{&quot;background_background&quot;:&quot;classic&quot;}\">\n\t\t\t\t\t<div class=\"e-con-inner\">\n\t\t\t\t<div class=\"elementor-element elementor-element-bdcee1e elementor-widget elementor-widget-heading\" data-id=\"bdcee1e\" data-element_type=\"widget\" data-widget_type=\"heading.default\">\n\t\t\t\t<div class=\"elementor-widget-container\">\n\t\t\t\t\t<h2 class=\"elementor-heading-title elementor-size-default\">DIN EN ISO 9001 \u2013 Zertifizierung <\/h2>\t\t\t\t<\/div>\n\t\t\t\t<\/div>\n\t\t\t\t\t<\/div>\n\t\t\t\t<\/div>\n\t\t<div class=\"elementor-element elementor-element-a42bc96 e-flex e-con-boxed e-con e-parent\" data-id=\"a42bc96\" data-element_type=\"container\" data-settings=\"{&quot;background_background&quot;:&quot;classic&quot;}\">\n\t\t\t\t\t<div class=\"e-con-inner\">\n\t\t<div class=\"elementor-element elementor-element-3da7262 e-con-full e-flex e-con e-child\" data-id=\"3da7262\" data-element_type=\"container\">\n\t\t\t\t<div class=\"elementor-element elementor-element-3ed4b51 elementor-widget elementor-widget-text-editor\" data-id=\"3ed4b51\" data-element_type=\"widget\" data-widget_type=\"text-editor.default\">\n\t\t\t\t<div class=\"elementor-widget-container\">\n\t\t\t\t\t\t\t\t\t<p>Kundenzufriedenheit ist unser wichtigstes Gut. Wir optimieren kontinuierlich den Mehrwert f\u00fcr unsere Kunden und nutzen Potenziale in der Zusammenarbeit \u2013 intern wie extern.<br \/>Seit 2017 sind wir nach DIN EN ISO 9001:2015 zertifiziert, und unser Qualit\u00e4tsmanagement wird regelm\u00e4\u00dfig rezertifiziert, zuletzt ohne Beanstandungen.<br \/>Die klare, transparente Struktur unseres Qualit\u00e4tsmanagements ist Ihr Vorteil: ein starker, verl\u00e4sslicher Partner an Ihrer Seite.<br \/>Ihr Feedback treibt uns an. Unsere strategische Ausrichtung strebt DIN EN ISO 9100 an. Falls relevant, erwartet Sie ein zuk\u00fcnftiger, leistungsstarker\u00a0Partner.<\/p>\t\t\t\t\t\t\t\t<\/div>\n\t\t\t\t<\/div>\n\t\t\t\t<\/div>\n\t\t<div class=\"elementor-element elementor-element-3fd1474 e-con-full e-flex e-con e-child\" data-id=\"3fd1474\" data-element_type=\"container\">\n\t\t\t\t<div class=\"elementor-element elementor-element-e3c9d93 e-transform elementor-widget elementor-widget-image\" data-id=\"e3c9d93\" data-element_type=\"widget\" data-settings=\"{&quot;_transform_scale_effect&quot;:{&quot;unit&quot;:&quot;px&quot;,&quot;size&quot;:0.9,&quot;sizes&quot;:[]},&quot;_transform_scale_effect_tablet&quot;:{&quot;unit&quot;:&quot;px&quot;,&quot;size&quot;:&quot;&quot;,&quot;sizes&quot;:[]},&quot;_transform_scale_effect_mobile&quot;:{&quot;unit&quot;:&quot;px&quot;,&quot;size&quot;:&quot;&quot;,&quot;sizes&quot;:[]}}\" data-widget_type=\"image.default\">\n\t\t\t\t<div class=\"elementor-widget-container\">\n\t\t\t\t\t\t\t\t\t\t\t\t\t\t\t<img loading=\"lazy\" decoding=\"async\" width=\"768\" height=\"1115\" src=\"https:\/\/andreas-bruns.de\/wp-content\/uploads\/2025\/05\/Zertifikat-2020-768x1115.png\" class=\"attachment-medium_large size-medium_large wp-image-5960\" alt=\"\" srcset=\"https:\/\/andreas-bruns.de\/wp-content\/uploads\/2025\/05\/Zertifikat-2020-768x1115.png 768w, https:\/\/andreas-bruns.de\/wp-content\/uploads\/2025\/05\/Zertifikat-2020-207x300.png 207w, https:\/\/andreas-bruns.de\/wp-content\/uploads\/2025\/05\/Zertifikat-2020-705x1024.png 705w, https:\/\/andreas-bruns.de\/wp-content\/uploads\/2025\/05\/Zertifikat-2020-1058x1536.png 1058w, https:\/\/andreas-bruns.de\/wp-content\/uploads\/2025\/05\/Zertifikat-2020.png 1069w\" sizes=\"(max-width: 768px) 100vw, 768px\" \/>\t\t\t\t\t\t\t\t\t\t\t\t\t\t\t<\/div>\n\t\t\t\t<\/div>\n\t\t\t\t<\/div>\n\t\t\t\t\t<\/div>\n\t\t\t\t<\/div>\n\t\t<div class=\"elementor-element elementor-element-74171e2 e-flex e-con-boxed e-con e-parent\" data-id=\"74171e2\" data-element_type=\"container\">\n\t\t\t\t\t<div class=\"e-con-inner\">\n\t\t\t\t<div class=\"elementor-element elementor-element-2832ad3 e-transform elementor-widget-divider--view-line elementor-widget elementor-widget-divider\" data-id=\"2832ad3\" data-element_type=\"widget\" data-settings=\"{&quot;_transform_scale_effect&quot;:{&quot;unit&quot;:&quot;px&quot;,&quot;size&quot;:2,&quot;sizes&quot;:[]},&quot;_transform_scale_effect_tablet&quot;:{&quot;unit&quot;:&quot;px&quot;,&quot;size&quot;:&quot;&quot;,&quot;sizes&quot;:[]},&quot;_transform_scale_effect_mobile&quot;:{&quot;unit&quot;:&quot;px&quot;,&quot;size&quot;:&quot;&quot;,&quot;sizes&quot;:[]}}\" data-widget_type=\"divider.default\">\n\t\t\t\t<div class=\"elementor-widget-container\">\n\t\t\t\t\t\t\t<div class=\"elementor-divider\">\n\t\t\t<span class=\"elementor-divider-separator\">\n\t\t\t\t\t\t<\/span>\n\t\t<\/div>\n\t\t\t\t\t\t<\/div>\n\t\t\t\t<\/div>\n\t\t\t\t\t<\/div>\n\t\t\t\t<\/div>\n\t\t\t\t<\/div>\n\t\t","protected":false},"excerpt":{"rendered":"<p>Unsere Geschichte Die Andreas Bruns Zerspanungstechnik GmbH wurde 1994 von Andreas Bruns gegr\u00fcndet und hat sich als mittelst\u00e4ndisches Unternehmen mit Sitz in 30916 Isernhagen OT Kirchhorst bei Hannover etabliert. Kernkompetenz: Bearbeitung komplexer Pr\u00e4zisionsbauteile aus schwer zerspanbaren Materialien (Titan, Inconel, Duplex- und rostfreie St\u00e4hle) mit modernster 5-Achs-Technologie, automatisierter Fertigung und ISO 9001 Qualit\u00e4tsmanagement. Leistungsumfang: Prototypen, Vorserien&#8230; <\/p>\n<div class=\"clear\"><\/div>\n<p><a href=\"https:\/\/andreas-bruns.de\/?page_id=6226\" class=\"excerpt-read-more\">Read More<\/a><\/p>\n","protected":false},"author":2,"featured_media":0,"parent":0,"menu_order":0,"comment_status":"closed","ping_status":"closed","template":"elementor_header_footer","meta":{"footnotes":""},"class_list":["post-6226","page","type-page","status-publish","hentry"],"_links":{"self":[{"href":"https:\/\/andreas-bruns.de\/index.php?rest_route=\/wp\/v2\/pages\/6226","targetHints":{"allow":["GET"]}}],"collection":[{"href":"https:\/\/andreas-bruns.de\/index.php?rest_route=\/wp\/v2\/pages"}],"about":[{"href":"https:\/\/andreas-bruns.de\/index.php?rest_route=\/wp\/v2\/types\/page"}],"author":[{"embeddable":true,"href":"https:\/\/andreas-bruns.de\/index.php?rest_route=\/wp\/v2\/users\/2"}],"replies":[{"embeddable":true,"href":"https:\/\/andreas-bruns.de\/index.php?rest_route=%2Fwp%2Fv2%2Fcomments&post=6226"}],"version-history":[{"count":10,"href":"https:\/\/andreas-bruns.de\/index.php?rest_route=\/wp\/v2\/pages\/6226\/revisions"}],"predecessor-version":[{"id":6931,"href":"https:\/\/andreas-bruns.de\/index.php?rest_route=\/wp\/v2\/pages\/6226\/revisions\/6931"}],"wp:attachment":[{"href":"https:\/\/andreas-bruns.de\/index.php?rest_route=%2Fwp%2Fv2%2Fmedia&parent=6226"}],"curies":[{"name":"wp","href":"https:\/\/api.w.org\/{rel}","templated":true}]}}